{"id":5789,"date":"2023-11-05T04:35:52","date_gmt":"2023-11-05T04:35:52","guid":{"rendered":"https:\/\/mighti.themewant.com\/?page_id=5789"},"modified":"2025-04-15T13:32:27","modified_gmt":"2025-04-15T13:32:27","slug":"about-us","status":"publish","type":"page","link":"https:\/\/devoratech.com\/fr\/about-us\/","title":{"rendered":"\u00c0 Propos"},"content":{"rendered":"<div data-elementor-type=\"wp-page\" data-elementor-id=\"5789\" class=\"elementor elementor-5789\" data-elementor-post-type=\"page\">\n\t\t\t\t<div class=\"elementor-element elementor-element-cf3f284 e-con-full line_shape_hide e-flex e-con e-parent\" data-id=\"cf3f284\" data-element_type=\"container\" data-e-type=\"container\" data-settings=\"{&quot;background_background&quot;:&quot;classic&quot;}\">\n\t\t<div class=\"elementor-element elementor-element-bcb6a11 e-flex e-con-boxed e-con e-child\" data-id=\"bcb6a11\" data-element_type=\"container\" data-e-type=\"container\">\n\t\t\t\t\t<div class=\"e-con-inner\">\n\t\t<div class=\"elementor-element elementor-element-e7cf3ba e-con-full e-flex e-con e-child\" data-id=\"e7cf3ba\" data-element_type=\"container\" data-e-type=\"container\">\n\t\t\t\t<div class=\"elementor-element elementor-element-2361af0 elementor-widget elementor-widget-react-heading\" data-id=\"2361af0\" data-element_type=\"widget\" data-e-type=\"widget\" data-widget_type=\"react-heading.default\">\n\t\t\t\t<div class=\"elementor-widget-container\">\n\t\t\t\t\t\t  \r\n        <div class=\"react-heading default title-border-\">     \t\t\r\n\t            <span class=\"sub-text\">Notre Approche<\/span><h2 class=\"title quote\">Votre succ\u00e8s, notre priorit\u00e9 : une approche collaborative<\/h2>\t     \r\n\t\t\t<span class=\"watermark\">Success<\/span>\r\n\t\t\t\t\t\t\t<div class=\"rts-text-anim description\" >\r\n\t\t\t\t\t<p>Chez Devoratech, nous croyons en la cr\u00e9ation de partenariats solides avec nos clients. Nous prenons le temps de comprendre vos objectifs uniques et vos d\u00e9fis, en travaillant main dans la main avec vous tout au long du processus de d\u00e9veloppement. De la consultation initiale au lancement final et au-del\u00e0, nous nous engageons \u00e0 fournir une communication transparente, un soutien proactif et des solutions sur mesure qui favorisent votre succ\u00e8s.<\/p>\t\t\t\t<\/div>\r\n\t\t\t\r\n\t            \r\n        <\/div>\r\n        \t\t\t\t<\/div>\n\t\t\t\t<\/div>\n\t\t\t\t<div class=\"elementor-element elementor-element-909b5f6 elementor-widget elementor-widget-image\" data-id=\"909b5f6\" data-element_type=\"widget\" data-e-type=\"widget\" data-widget_type=\"image.default\">\n\t\t\t\t<div class=\"elementor-widget-container\">\n\t\t\t\t\t\t\t\t\t\t\t\t\t\t\t<img fetchpriority=\"high\" decoding=\"async\" width=\"520\" height=\"400\" src=\"https:\/\/devoratech.com\/wp-content\/uploads\/2023\/10\/18.jpg\" class=\"attachment-large size-large wp-image-2794\" alt=\"\" srcset=\"https:\/\/devoratech.com\/wp-content\/uploads\/2023\/10\/18.jpg.webp 520w, https:\/\/devoratech.com\/wp-content\/uploads\/2023\/10\/18-300x231.jpg.webp 300w\" sizes=\"(max-width: 520px) 100vw, 520px\" \/>\t\t\t\t\t\t\t\t\t\t\t\t\t\t\t<\/div>\n\t\t\t\t<\/div>\n\t\t\t\t<\/div>\n\t\t<div class=\"elementor-element elementor-element-e9a5686 e-con-full e-flex e-con e-child\" data-id=\"e9a5686\" data-element_type=\"container\" data-e-type=\"container\">\n\t\t\t\t<div class=\"elementor-element elementor-element-abf9b9f elementor-widget-mobile__width-inherit elementor-widget elementor-widget-rt-step-grid\" data-id=\"abf9b9f\" data-element_type=\"widget\" data-e-type=\"widget\" data-widget_type=\"rt-step-grid.default\">\n\t\t\t\t<div class=\"elementor-widget-container\">\n\t\t\t\t\t\r\n<div class=\"single-approach-area-start style1\">\r\n\t<img decoding=\"async\" src=\"https:\/\/mighti.themewant.com\/wp-content\/uploads\/2023\/10\/03-3.png\" alt=\"image\">\r\n    <div class=\"left-area\">\r\n                    <h3 class=\"title\">\r\n                Analyse approfondie des besoins                <i class=\"rt rt-arrow-right-regular\"><\/i>\r\n            <\/h3>\r\n                            <p class=\"disc rts-text-anim\">\r\n                <p>Nous commen\u00e7ons par comprendre vos objectifs, vos d\u00e9fis et vos attentes afin de d\u00e9finir une strat\u00e9gie sur mesure qui correspond \u00e0 votre vision et \u00e0 vos besoins sp\u00e9cifiques.<\/p>            <\/p>\r\n                \r\n    <\/div>\r\n    <span class=\"number\">01<\/span>\r\n<\/div>\t\t\t\t<\/div>\n\t\t\t\t<\/div>\n\t\t\t\t<div class=\"elementor-element elementor-element-33779c4 elementor-widget-mobile__width-inherit elementor-widget elementor-widget-rt-step-grid\" data-id=\"33779c4\" data-element_type=\"widget\" data-e-type=\"widget\" data-widget_type=\"rt-step-grid.default\">\n\t\t\t\t<div class=\"elementor-widget-container\">\n\t\t\t\t\t\r\n<div class=\"single-approach-area-start style1\">\r\n\t<img decoding=\"async\" src=\"https:\/\/mighti.themewant.com\/wp-content\/uploads\/2023\/10\/24.jpg\" alt=\"image\">\r\n    <div class=\"left-area\">\r\n                    <h3 class=\"title\">\r\n                Conception et d\u00e9veloppement personnalis\u00e9s                <i class=\"rt rt-arrow-right-regular\"><\/i>\r\n            <\/h3>\r\n                            <p class=\"disc rts-text-anim\">\r\n                <p>Nous cr\u00e9ons des solutions innovantes, que ce soit pour le d\u00e9veloppement web, les applications mobiles ou le design, en garantissant une exp\u00e9rience utilisateur optimale et des r\u00e9sultats performants.<\/p>            <\/p>\r\n                \r\n    <\/div>\r\n    <span class=\"number\">02<\/span>\r\n<\/div>\t\t\t\t<\/div>\n\t\t\t\t<\/div>\n\t\t\t\t<div class=\"elementor-element elementor-element-ba2e03a elementor-widget-mobile__width-inherit elementor-widget elementor-widget-rt-step-grid\" data-id=\"ba2e03a\" data-element_type=\"widget\" data-e-type=\"widget\" data-widget_type=\"rt-step-grid.default\">\n\t\t\t\t<div class=\"elementor-widget-container\">\n\t\t\t\t\t\r\n<div class=\"single-approach-area-start style1\">\r\n\t<img decoding=\"async\" src=\"https:\/\/mighti.themewant.com\/wp-content\/uploads\/2023\/10\/25.jpg\" alt=\"image\">\r\n    <div class=\"left-area\">\r\n                    <h3 class=\"title\">\r\n                Lancement et optimisation continue                <i class=\"rt rt-arrow-right-regular\"><\/i>\r\n            <\/h3>\r\n                            <p class=\"disc rts-text-anim\">\r\n                <p>Une fois le projet lanc\u00e9, nous suivons les performances, effectuons des ajustements en fonction des retours et vous accompagnons dans l\u2019\u00e9volution de vos solutions pour garantir leur efficacit\u00e9 \u00e0 long terme.<\/p>            <\/p>\r\n                \r\n    <\/div>\r\n    <span class=\"number\">03<\/span>\r\n<\/div>\t\t\t\t<\/div>\n\t\t\t\t<\/div>\n\t\t\t\t<\/div>\n\t\t\t\t\t<\/div>\n\t\t\t\t<\/div>\n\t\t\t\t<\/div>\n\t\t<div class=\"elementor-element elementor-element-ae0d139 elementor-hidden-tablet elementor-hidden-mobile e-flex e-con-boxed e-con e-parent\" data-id=\"ae0d139\" data-element_type=\"container\" data-e-type=\"container\" data-settings=\"{&quot;background_background&quot;:&quot;classic&quot;}\">\n\t\t\t\t\t<div class=\"e-con-inner\">\n\t\t<div class=\"elementor-element elementor-element-6c17aad e-con-full e-flex e-con e-child\" data-id=\"6c17aad\" data-element_type=\"container\" data-e-type=\"container\">\n\t\t\t\t<div class=\"elementor-element elementor-element-f07a269 elementor-widget elementor-widget-rts-animated-heading\" data-id=\"f07a269\" data-element_type=\"widget\" data-e-type=\"widget\" data-widget_type=\"rts-animated-heading.default\">\n\t\t\t\t<div class=\"elementor-widget-container\">\n\t\t\t\t\t\t  \t\t\t\t <h2 class=\"title rts_hero__title\">Un mot de la part du fondateur<\/h2>\r\n\t\t\t\t\t\t\t<\/div>\n\t\t\t\t<\/div>\n\t\t\t\t<\/div>\n\t\t<div class=\"elementor-element elementor-element-49467fa e-flex e-con-boxed e-con e-child\" data-id=\"49467fa\" data-element_type=\"container\" data-e-type=\"container\">\n\t\t\t\t\t<div class=\"e-con-inner\">\n\t\t\t\t<div class=\"elementor-element elementor-element-c56c90f elementor-widget-tablet__width-initial elementor-widget elementor-widget-rt-team-member\" data-id=\"c56c90f\" data-element_type=\"widget\" data-e-type=\"widget\" data-widget_type=\"rt-team-member.default\">\n\t\t\t\t<div class=\"elementor-widget-container\">\n\t\t\t\t\t    <div class=\"progress-team-area four rts-team__area\">\r\n\t\t<div class=\"single-team-style-one rts-team__item\">\r\n\t\t\t\t\t\t\t<div class=\"thumbnail\">\r\n\t\t\t\t\t<img decoding=\"async\" src=\"https:\/\/devoratech.com\/wp-content\/uploads\/2025\/02\/Fadi-Bennani.webp\" alt=\"team-image\">\r\n\t\t\t\t<\/div>\r\n\t\t\t\t\t\t<div class=\"inner-content\">\r\n\t\t\t\t\t\t\t\t\t\t<span>Co-Founder<\/span>\r\n\t\t\t\t\t\t\t\t\t\t\t\t\t<h5 class=\"name\">Fadi Bennani<\/h5>\r\n\t\t\t\t\t\t\t<\/div>\r\n\t\t<\/div>\r\n\t<\/div>\r\n\r\n    \t\t\t\t<\/div>\n\t\t\t\t<\/div>\n\t\t\t\t\t<\/div>\n\t\t\t\t<\/div>\n\t\t<div class=\"elementor-element elementor-element-fafb0aa e-con-full e-flex e-con e-child\" data-id=\"fafb0aa\" data-element_type=\"container\" data-e-type=\"container\">\n\t\t\t\t<div class=\"elementor-element elementor-element-3a38dd6 elementor-widget elementor-widget-testimonial\" data-id=\"3a38dd6\" data-element_type=\"widget\" data-e-type=\"widget\" data-widget_type=\"testimonial.default\">\n\t\t\t\t<div class=\"elementor-widget-container\">\n\t\t\t\t\t\t\t<div class=\"elementor-testimonial-wrapper\">\n\t\t\t\t\t\t\t<div class=\"elementor-testimonial-content\"><b>\u201d<\/b>Nous sommes votre partenaire cr\u00e9atif pour des solutions web innovantes.\nNous comprenons votre vision et cr\u00e9ons des exp\u00e9riences en ligne uniques qui refl\u00e8tent votre marque et r\u00e9pondent aux besoins des utilisateurs. Notre \u00e9quipe d'experts utilise les derni\u00e8res technologies et tendances pour offrir des solutions performantes. Nous vous accompagnons de la conception au lancement, en tant que partenaire de confiance, engag\u00e9 dans votre succ\u00e8s.<b>\u201d<\/b><\/div>\n\t\t\t\n\t\t\t\t\t<\/div>\n\t\t\t\t\t\t<\/div>\n\t\t\t\t<\/div>\n\t\t\t\t<\/div>\n\t\t\t\t\t<\/div>\n\t\t\t\t<\/div>\n\t\t<div class=\"elementor-element elementor-element-4470935 e-con-full e-flex e-con e-parent\" data-id=\"4470935\" data-element_type=\"container\" data-e-type=\"container\" data-settings=\"{&quot;background_background&quot;:&quot;classic&quot;}\">\n\t\t<div class=\"elementor-element elementor-element-4f66a9e e-con-full e-flex e-con e-child\" data-id=\"4f66a9e\" data-element_type=\"container\" data-e-type=\"container\">\n\t\t<div class=\"elementor-element elementor-element-0d7baa6 e-flex e-con-boxed e-con e-child\" data-id=\"0d7baa6\" data-element_type=\"container\" data-e-type=\"container\">\n\t\t\t\t\t<div class=\"e-con-inner\">\n\t\t\t\t<div class=\"elementor-element elementor-element-f12e3f6 elementor-widget elementor-widget-react-heading\" data-id=\"f12e3f6\" data-element_type=\"widget\" data-e-type=\"widget\" data-widget_type=\"react-heading.default\">\n\t\t\t\t<div class=\"elementor-widget-container\">\n\t\t\t\t\t\t  \r\n        <div class=\"react-heading default title-border-no\">     \t\t\r\n\t            <h2 class=\"title quote\">FAQ<\/h2>\t     \r\n\t\t\t\r\n\t\t\t\r\n\t            \r\n        <\/div>\r\n        \t\t\t\t<\/div>\n\t\t\t\t<\/div>\n\t\t\t\t\t<\/div>\n\t\t\t\t<\/div>\n\t\t<div class=\"elementor-element elementor-element-19d42dc e-flex e-con-boxed e-con e-child\" data-id=\"19d42dc\" data-element_type=\"container\" data-e-type=\"container\">\n\t\t\t\t\t<div class=\"e-con-inner\">\n\t\t<div class=\"elementor-element elementor-element-05798dd e-con-full e-flex e-con e-child\" data-id=\"05798dd\" data-element_type=\"container\" data-e-type=\"container\">\n\t\t\t\t<div class=\"elementor-element elementor-element-f87ca3c elementor-widget elementor-widget-image\" data-id=\"f87ca3c\" data-element_type=\"widget\" data-e-type=\"widget\" data-widget_type=\"image.default\">\n\t\t\t\t<div class=\"elementor-widget-container\">\n\t\t\t\t\t\t\t\t\t\t\t\t\t\t\t<img decoding=\"async\" width=\"539\" height=\"582\" src=\"https:\/\/devoratech.com\/wp-content\/uploads\/2023\/11\/02.png\" class=\"attachment-full size-full wp-image-5443\" alt=\"\" srcset=\"https:\/\/devoratech.com\/wp-content\/uploads\/2023\/11\/02.png.webp 539w, https:\/\/devoratech.com\/wp-content\/uploads\/2023\/11\/02-278x300.png.webp 278w\" sizes=\"(max-width: 539px) 100vw, 539px\" \/>\t\t\t\t\t\t\t\t\t\t\t\t\t\t\t<\/div>\n\t\t\t\t<\/div>\n\t\t\t\t<\/div>\n\t\t<div class=\"elementor-element elementor-element-1545c9d e-con-full e-flex e-con e-child\" data-id=\"1545c9d\" data-element_type=\"container\" data-e-type=\"container\">\n\t\t\t\t<div class=\"elementor-element elementor-element-5792117 elementor-widget elementor-widget-rt-custom-accordions\" data-id=\"5792117\" data-element_type=\"widget\" data-e-type=\"widget\" data-widget_type=\"rt-custom-accordions.default\">\n\t\t\t\t<div class=\"elementor-widget-container\">\n\t\t\t\t\t        <div class=\"rts-accordion style2 four-accordion-area-faq\" id=\"accordionExample10446\">\n                            \n                        <div class=\"accordion-item rts-slide-up-gsap\" style=\"\">\n                            <h2 class=\"accordion-header\" id=\"heading-104461\">\n                                <button class=\"accordion-button\" type=\"button\" data-bs-toggle=\"collapse\" data-bs-target=\"#collapse104461\" aria-expanded=\"false\" aria-controls=\"collapse104461\">\n                                    <div class=\"accordion-icon-area\">\n                                        <span class=\"accordion-icon icon\">\n                                            <i aria-hidden=\"true\" class=\"fas fa-arrow-up\"><\/i>                                        <\/span>\n                                        <span class=\"accordion-icon-active icon\"> \n                                            <i aria-hidden=\"true\" class=\"fas fa-arrow-down\"><\/i>                                        <\/span>\n                                    <\/div>\n\n                                    <div class=\"accordion-title\">\n                                                                                Quels sont les services offert par Devoratech ?                                    <\/div>\n\n                                <\/button>\n                            <\/h2>\n\n                            <div id=\"collapse104461\" class=\"accordion-collapse collapse\" aria-labelledby=\"heading104461\" data-bs-parent=\"#accordionExample10446\" style=\"\">\n                                <div class=\"accordion-body\">\n                                        Nous nous sp\u00e9cialisons dans le d\u00e9veloppement web, d\u00e9veloppement d&#039;applications mobiles, et C&#039;\/solutions d&#039;innovation, de cr\u00e9er sur mesure des exp\u00e9riences num\u00e9riques pour les startups et les entreprises.                                <\/div>\n                            <\/div>\n                        <\/div>\n\n                              \n                        <div class=\"accordion-item rts-slide-up-gsap\" style=\"\">\n                            <h2 class=\"accordion-header\" id=\"heading-104462\">\n                                <button class=\"accordion-button collapsed\" type=\"button\" data-bs-toggle=\"collapse\" data-bs-target=\"#collapse104462\" aria-expanded=\"false\" aria-controls=\"collapse104462\">\n                                    <div class=\"accordion-icon-area\">\n                                        <span class=\"accordion-icon icon\">\n                                            <i aria-hidden=\"true\" class=\"fas fa-arrow-up\"><\/i>                                        <\/span>\n                                        <span class=\"accordion-icon-active icon\"> \n                                            <i aria-hidden=\"true\" class=\"fas fa-arrow-down\"><\/i>                                        <\/span>\n                                    <\/div>\n\n                                    <div class=\"accordion-title\">\n                                                                                Comment assurer un d\u00e9veloppement de qualit\u00e9?                                    <\/div>\n\n                                <\/button>\n                            <\/h2>\n\n                            <div id=\"collapse104462\" class=\"accordion-collapse collapse\" aria-labelledby=\"heading104462\" data-bs-parent=\"#accordionExample10446\" style=\"\">\n                                <div class=\"accordion-body\">\n                                        Nous combinons les technologies les plus r\u00e9centes, modernes, design, et de la gestion de projet rigoureuse pour offrir de hautes performances, d&#039;\u00e9volutivit\u00e9 et de solutions adapt\u00e9es \u00e0 l&#039;utilisateur.                                <\/div>\n                            <\/div>\n                        <\/div>\n\n                              \n                        <div class=\"accordion-item rts-slide-up-gsap\" style=\"\">\n                            <h2 class=\"accordion-header\" id=\"heading-104463\">\n                                <button class=\"accordion-button collapsed\" type=\"button\" data-bs-toggle=\"collapse\" data-bs-target=\"#collapse104463\" aria-expanded=\"false\" aria-controls=\"collapse104463\">\n                                    <div class=\"accordion-icon-area\">\n                                        <span class=\"accordion-icon icon\">\n                                            <i aria-hidden=\"true\" class=\"fas fa-arrow-up\"><\/i>                                        <\/span>\n                                        <span class=\"accordion-icon-active icon\"> \n                                            <i aria-hidden=\"true\" class=\"fas fa-arrow-down\"><\/i>                                        <\/span>\n                                    <\/div>\n\n                                    <div class=\"accordion-title\">\n                                                                                Pouvez-vous travailler avec des clients internationaux?                                    <\/div>\n\n                                <\/button>\n                            <\/h2>\n\n                            <div id=\"collapse104463\" class=\"accordion-collapse collapse\" aria-labelledby=\"heading104463\" data-bs-parent=\"#accordionExample10446\" style=\"\">\n                                <div class=\"accordion-body\">\n                                        Oui! Nous collaborons avec nos clients dans le monde entier, offrant \u00e0 des consultations \u00e0 distance et sans projet d&#039;ex\u00e9cution \u00e0 travers diff\u00e9rents fuseaux horaires.                                <\/div>\n                            <\/div>\n                        <\/div>\n\n                              \n                        <div class=\"accordion-item rts-slide-up-gsap\" style=\"\">\n                            <h2 class=\"accordion-header\" id=\"heading-104464\">\n                                <button class=\"accordion-button collapsed\" type=\"button\" data-bs-toggle=\"collapse\" data-bs-target=\"#collapse104464\" aria-expanded=\"false\" aria-controls=\"collapse104464\">\n                                    <div class=\"accordion-icon-area\">\n                                        <span class=\"accordion-icon icon\">\n                                            <i aria-hidden=\"true\" class=\"fas fa-arrow-up\"><\/i>                                        <\/span>\n                                        <span class=\"accordion-icon-active icon\"> \n                                            <i aria-hidden=\"true\" class=\"fas fa-arrow-down\"><\/i>                                        <\/span>\n                                    <\/div>\n\n                                    <div class=\"accordion-title\">\n                                                                                Quelle est la dur\u00e9e d&#039;un projet?                                    <\/div>\n\n                                <\/button>\n                            <\/h2>\n\n                            <div id=\"collapse104464\" class=\"accordion-collapse collapse\" aria-labelledby=\"heading104464\" data-bs-parent=\"#accordionExample10446\" style=\"\">\n                                <div class=\"accordion-body\">\n                                        Calendrier du projet de varier en fonction de la complexit\u00e9. Nous assurons une livraison efficace tout en conservant une grande qualit\u00e9. Contactez-nous pour discuter de vos besoins sp\u00e9cifiques.                                <\/div>\n                            <\/div>\n                        <\/div>\n\n                                \n                  \n            <\/div>            \n        \t\t\t\t<\/div>\n\t\t\t\t<\/div>\n\t\t\t\t<\/div>\n\t\t\t\t\t<\/div>\n\t\t\t\t<\/div>\n\t\t\t\t<\/div>\n\t\t\t\t<\/div>\n\t\t<div class=\"elementor-element elementor-element-ecb5a45 e-con-full e-flex e-con e-parent\" data-id=\"ecb5a45\" data-element_type=\"container\" data-e-type=\"container\" data-settings=\"{&quot;background_background&quot;:&quot;classic&quot;}\">\n\t\t<div class=\"elementor-element elementor-element-38e65ec e-flex e-con-boxed e-con e-child\" data-id=\"38e65ec\" data-element_type=\"container\" data-e-type=\"container\">\n\t\t\t\t\t<div class=\"e-con-inner\">\n\t\t\t\t<div class=\"elementor-element elementor-element-68074b7 elementor-widget__width-initial elementor-widget elementor-widget-react-heading\" data-id=\"68074b7\" data-element_type=\"widget\" data-e-type=\"widget\" data-widget_type=\"react-heading.default\">\n\t\t\t\t<div class=\"elementor-widget-container\">\n\t\t\t\t\t\t  \r\n        <div class=\"react-heading default title-border-no\">     \t\t\r\n\t            <h2 class=\"title quote\">UN PROJET EN T\u00caTE?<\/h2>\t     \r\n\t\t\t\r\n\t\t\t\r\n\t            \r\n        <\/div>\r\n        \t\t\t\t<\/div>\n\t\t\t\t<\/div>\n\t\t\t\t<div class=\"elementor-element elementor-element-e498416 e-transform elementor-widget elementor-widget-react-button\" data-id=\"e498416\" data-element_type=\"widget\" data-e-type=\"widget\" data-settings=\"{&quot;_transform_scale_effect_hover&quot;:{&quot;unit&quot;:&quot;px&quot;,&quot;size&quot;:1.03,&quot;sizes&quot;:[]},&quot;_transform_scale_effect_hover_tablet&quot;:{&quot;unit&quot;:&quot;px&quot;,&quot;size&quot;:&quot;&quot;,&quot;sizes&quot;:[]},&quot;_transform_scale_effect_hover_mobile&quot;:{&quot;unit&quot;:&quot;px&quot;,&quot;size&quot;:&quot;&quot;,&quot;sizes&quot;:[]}}\" data-widget_type=\"react-button.default\">\n\t\t\t\t<div class=\"elementor-widget-container\">\n\t\t\t\t\t\t\r\n\r\n\t\t<div class=\"button-area-right\">\r\n\t\t\t<a href=\"https:\/\/devoratech.com\/fr\/contact\/\" class=\"rts-btn btn-white secondary_btn\">\r\n\t\t\t\r\n\t\t\t     \r\n\t\t\tParlons-en\r\n\t\t\t\t\r\n\t\t<\/a>\r\n\t\t<\/div>\r\n\t\t\r\n\t\t    \r\n\t\t\t\t\t<\/div>\n\t\t\t\t<\/div>\n\t\t\t\t\t<\/div>\n\t\t\t\t<\/div>\n\t\t\t\t<\/div>\n\t\t\t\t<\/div>","protected":false},"excerpt":{"rendered":"<p>Our Approach Your Success, Our Priority: A Collaborative Approach Success At DevoraTech, we believe in building strong partnerships with our clients. We take the time to understand your unique business goals and challenges, working closely with you throughout the entire development process. From initial consultation to final launch and beyond, we&#8217;re committed to providing transparent&#8230;<\/p>","protected":false},"author":1,"featured_media":0,"parent":0,"menu_order":0,"comment_status":"closed","ping_status":"closed","template":"elementor_header_footer","meta":{"footnotes":""},"class_list":["post-5789","page","type-page","status-publish","hentry"],"_links":{"self":[{"href":"https:\/\/devoratech.com\/fr\/wp-json\/wp\/v2\/pages\/5789","targetHints":{"allow":["GET"]}}],"collection":[{"href":"https:\/\/devoratech.com\/fr\/wp-json\/wp\/v2\/pages"}],"about":[{"href":"https:\/\/devoratech.com\/fr\/wp-json\/wp\/v2\/types\/page"}],"author":[{"embeddable":true,"href":"https:\/\/devoratech.com\/fr\/wp-json\/wp\/v2\/users\/1"}],"replies":[{"embeddable":true,"href":"https:\/\/devoratech.com\/fr\/wp-json\/wp\/v2\/comments?post=5789"}],"version-history":[{"count":41,"href":"https:\/\/devoratech.com\/fr\/wp-json\/wp\/v2\/pages\/5789\/revisions"}],"predecessor-version":[{"id":14737,"href":"https:\/\/devoratech.com\/fr\/wp-json\/wp\/v2\/pages\/5789\/revisions\/14737"}],"wp:attachment":[{"href":"https:\/\/devoratech.com\/fr\/wp-json\/wp\/v2\/media?parent=5789"}],"curies":[{"name":"wp","href":"https:\/\/api.w.org\/{rel}","templated":true}]}}