{"id":12632,"date":"2025-02-02T10:57:35","date_gmt":"2025-02-02T10:57:35","guid":{"rendered":"https:\/\/devoratech.com\/?page_id=12632"},"modified":"2025-12-17T14:53:57","modified_gmt":"2025-12-17T13:53:57","slug":"portfolio","status":"publish","type":"page","link":"https:\/\/devoratech.com\/fr\/portfolio\/","title":{"rendered":"Portefeuille"},"content":{"rendered":"<div data-elementor-type=\"wp-page\" data-elementor-id=\"12632\" class=\"elementor elementor-12632\" data-elementor-post-type=\"page\">\n\t\t\t\t<div class=\"elementor-element elementor-element-d19c83f e-flex e-con-boxed e-con e-parent\" data-id=\"d19c83f\" data-element_type=\"container\" data-e-type=\"container\" data-settings=\"{&quot;background_background&quot;:&quot;classic&quot;}\">\n\t\t\t\t\t<div class=\"e-con-inner\">\n\t\t\t\t<div class=\"elementor-element elementor-element-afbfa9a e-n-tabs-none elementor-widget elementor-widget-n-tabs\" data-id=\"afbfa9a\" data-element_type=\"widget\" data-e-type=\"widget\" data-settings=\"{&quot;horizontal_scroll_mobile&quot;:&quot;enable&quot;,&quot;horizontal_scroll&quot;:&quot;disable&quot;}\" data-widget_type=\"nested-tabs.default\">\n\t\t\t\t<div class=\"elementor-widget-container\">\n\t\t\t\t\t\t\t<div class=\"e-n-tabs\" data-widget-number=\"184285850\" aria-label=\"Onglets. Ouvrir les \u00e9l\u00e9ments avec la touche Enter ou de l&#039;Espace, \u00e0 proximit\u00e9 d&#039;\u00c9vasion et de naviguer \u00e0 l&#039;aide des touches Fl\u00e9ch\u00e9es.\">\n\t\t\t<div class=\"e-n-tabs-heading\" role=\"tablist\">\n\t\t\t\t\t<button id=\"e-n-tab-title-1842858501\" data-tab-title-id=\"e-n-tab-title-1842858501\" class=\"e-n-tab-title\" aria-selected=\"true\" data-tab-index=\"1\" role=\"tab\" tabindex=\"0\" aria-controls=\"e-n-tab-content-1842858501\" style=\"--n-tabs-title-order: 1;\">\n\t\t\t\t\t<span class=\"e-n-tab-icon\">\n\t\t\t<svg xmlns=\"http:\/\/www.w3.org\/2000\/svg\" viewbox=\"0 0 70 70\" id=\"Laptop\"><path fill=\"none\" stroke=\"#ffffff\" stroke-linecap=\"round\" stroke-linejoin=\"round\" stroke-width=\"3\" d=\"M17.5 20.5h37v24h-37zm43.56 30H9.92l8.09-6h35.05l8 6z\" class=\"colorStroke000000 svgStroke\"><\/path><\/svg>\t\t\t<svg xmlns=\"http:\/\/www.w3.org\/2000\/svg\" viewbox=\"0 0 70 70\" id=\"Laptop\"><path fill=\"none\" stroke=\"#ffffff\" stroke-linecap=\"round\" stroke-linejoin=\"round\" stroke-width=\"3\" d=\"M17.5 20.5h37v24h-37zm43.56 30H9.92l8.09-6h35.05l8 6z\" class=\"colorStroke000000 svgStroke\"><\/path><\/svg>\t\t<\/span>\n\t\t\t\t\t<span class=\"e-n-tab-title-text\">\n\t\t\t\tSites web\t\t\t<\/span>\n\t\t<\/button>\n\t\t\t\t<button id=\"e-n-tab-title-1842858502\" data-tab-title-id=\"e-n-tab-title-1842858502\" class=\"e-n-tab-title\" aria-selected=\"false\" data-tab-index=\"2\" role=\"tab\" tabindex=\"-1\" aria-controls=\"e-n-tab-content-1842858502\" style=\"--n-tabs-title-order: 2;\">\n\t\t\t\t\t<span class=\"e-n-tab-icon\">\n\t\t\t<svg xmlns=\"http:\/\/www.w3.org\/2000\/svg\" id=\"mobile\" viewbox=\"0 0 512 512\"><path fill=\"none\" d=\"M375,67v-7.2c0-18.6-15.2-33.8-33.8-33.8H167c-18.6,0-33.8,15.2-33.8,33.8V67H375z M337.7,36  c5.5,0,10,4.5,10,10s-4.5,10-10,10c-5.5,0-10-4.5-10-10S332.1,36,337.7,36z M228,36h53c5.5,0,10,4.5,10,10s-4.5,10-10,10h-53  c-5.5,0-10-4.5-10-10S222.5,36,228,36z M197.7,36c5.5,0,10,4.5,10,10s-4.5,10-10,10s-10-4.5-10-10S192.2,36,197.7,36z\"><\/path><rect width=\"241.8\" height=\"332\" x=\"133.2\" y=\"87\" fill=\"none\"><\/rect><path fill=\"none\" d=\"M133.2,439v13.2c0,18.6,15.2,33.8,33.8,33.8h174.2c18.6,0,33.8-15.2,33.8-33.8V439H133.2z M280,473h-52  c-5.5,0-10-4.5-10-10s4.5-10,10-10h52c5.5,0,10,4.5,10,10S285.5,473,280,473z\"><\/path><path d=\"M228,56h53c5.5,0,10-4.5,10-10s-4.5-10-10-10h-53c-5.5,0-10,4.5-10,10S222.5,56,228,56z\" fill=\"#ffffff\" class=\"color000000 svgShape\"><\/path><path d=\"M341.2,6H167c-29.7,0-53.8,24.1-53.8,53.8v15.3c-0.1,0.6-0.2,1.2-0.2,1.8s0.1,1.2,0.2,1.8v348.3c-0.1,0.6-0.2,1.2-0.2,1.8  s0.1,1.2,0.2,1.8v21.3c0,29.7,24.1,53.8,53.8,53.8h174.2c29.7,0,53.8-24.1,53.8-53.8V59.8C395,30.1,370.9,6,341.2,6z M133.2,87H375  v332H133.2V87z M167,26h174.2c18.6,0,33.8,15.2,33.8,33.8V67H133.2v-7.2C133.2,41.2,148.3,26,167,26z M341.2,486H167  c-18.6,0-33.8-15.2-33.8-33.8V439H375v13.2C375,470.8,359.9,486,341.2,486z\" fill=\"#ffffff\" class=\"color000000 svgShape\"><\/path><circle cx=\"197.7\" cy=\"46\" r=\"10\" fill=\"#ffffff\" class=\"color000000 svgShape\"><\/circle><circle cx=\"337.7\" cy=\"46\" r=\"10\" fill=\"#ffffff\" class=\"color000000 svgShape\"><\/circle><path d=\"M280,453h-52c-5.5,0-10,4.5-10,10s4.5,10,10,10h52c5.5,0,10-4.5,10-10S285.5,453,280,453z\" fill=\"#ffffff\" class=\"color000000 svgShape\"><\/path><\/svg>\t\t\t<svg xmlns=\"http:\/\/www.w3.org\/2000\/svg\" id=\"mobile\" viewbox=\"0 0 512 512\"><path fill=\"none\" d=\"M375,67v-7.2c0-18.6-15.2-33.8-33.8-33.8H167c-18.6,0-33.8,15.2-33.8,33.8V67H375z M337.7,36  c5.5,0,10,4.5,10,10s-4.5,10-10,10c-5.5,0-10-4.5-10-10S332.1,36,337.7,36z M228,36h53c5.5,0,10,4.5,10,10s-4.5,10-10,10h-53  c-5.5,0-10-4.5-10-10S222.5,36,228,36z M197.7,36c5.5,0,10,4.5,10,10s-4.5,10-10,10s-10-4.5-10-10S192.2,36,197.7,36z\"><\/path><rect width=\"241.8\" height=\"332\" x=\"133.2\" y=\"87\" fill=\"none\"><\/rect><path fill=\"none\" d=\"M133.2,439v13.2c0,18.6,15.2,33.8,33.8,33.8h174.2c18.6,0,33.8-15.2,33.8-33.8V439H133.2z M280,473h-52  c-5.5,0-10-4.5-10-10s4.5-10,10-10h52c5.5,0,10,4.5,10,10S285.5,473,280,473z\"><\/path><path d=\"M228,56h53c5.5,0,10-4.5,10-10s-4.5-10-10-10h-53c-5.5,0-10,4.5-10,10S222.5,56,228,56z\" fill=\"#ffffff\" class=\"color000000 svgShape\"><\/path><path d=\"M341.2,6H167c-29.7,0-53.8,24.1-53.8,53.8v15.3c-0.1,0.6-0.2,1.2-0.2,1.8s0.1,1.2,0.2,1.8v348.3c-0.1,0.6-0.2,1.2-0.2,1.8  s0.1,1.2,0.2,1.8v21.3c0,29.7,24.1,53.8,53.8,53.8h174.2c29.7,0,53.8-24.1,53.8-53.8V59.8C395,30.1,370.9,6,341.2,6z M133.2,87H375  v332H133.2V87z M167,26h174.2c18.6,0,33.8,15.2,33.8,33.8V67H133.2v-7.2C133.2,41.2,148.3,26,167,26z M341.2,486H167  c-18.6,0-33.8-15.2-33.8-33.8V439H375v13.2C375,470.8,359.9,486,341.2,486z\" fill=\"#ffffff\" class=\"color000000 svgShape\"><\/path><circle cx=\"197.7\" cy=\"46\" r=\"10\" fill=\"#ffffff\" class=\"color000000 svgShape\"><\/circle><circle cx=\"337.7\" cy=\"46\" r=\"10\" fill=\"#ffffff\" class=\"color000000 svgShape\"><\/circle><path d=\"M280,453h-52c-5.5,0-10,4.5-10,10s4.5,10,10,10h52c5.5,0,10-4.5,10-10S285.5,453,280,453z\" fill=\"#ffffff\" class=\"color000000 svgShape\"><\/path><\/svg>\t\t<\/span>\n\t\t\t\t\t<span class=\"e-n-tab-title-text\">\n\t\t\t\tApplication Mobile \t\t\t<\/span>\n\t\t<\/button>\n\t\t\t\t\t<\/div>\n\t\t\t<div class=\"e-n-tabs-content\">\n\t\t\t\t<div id=\"e-n-tab-content-1842858501\" role=\"tabpanel\" aria-labelledby=\"e-n-tab-title-1842858501\" data-tab-index=\"1\" style=\"--n-tabs-title-order: 1;\" class=\"e-active elementor-element elementor-element-f6f77de e-con-full e-flex e-con e-child\" data-id=\"f6f77de\" data-element_type=\"container\" data-e-type=\"container\">\n\t\t\t\t<div class=\"elementor-element elementor-element-be4c47b elementor-widget__width-initial elementor-widget-mobile__width-inherit elementor-widget elementor-widget-htmega-scrollimage-addons\" data-id=\"be4c47b\" data-element_type=\"widget\" data-e-type=\"widget\" data-widget_type=\"htmega-scrollimage-addons.default\">\n\t\t\t\t<div class=\"elementor-widget-container\">\n\t\t\t\t\t            <a href=\"https:\/\/tourguidetanger.com\/\" target=\"_blank\" rel=\"noopener\">\n                <div class=\"ht-scroll-image\">\n                                            <span class=\"htmega-badge\">\n                            Explorer le projet                        <\/span>\n                                        <div class=\"ht-scroll-image-wrapper\">\n                        <div class=\"thumb\" style=\"background-image: url(https:\/\/devoratech.com\/wp-content\/uploads\/2025\/12\/Tourguidetanger.com-project.avif);\" >\n                                                <\/div>\n                    <\/div>\n                <\/div>                        \n            <\/a>                    \n        \t\t\t\t<\/div>\n\t\t\t\t<\/div>\n\t\t\t\t<div class=\"elementor-element elementor-element-1db88ba elementor-widget__width-initial elementor-widget-mobile__width-inherit elementor-widget elementor-widget-htmega-scrollimage-addons\" data-id=\"1db88ba\" data-element_type=\"widget\" data-e-type=\"widget\" data-widget_type=\"htmega-scrollimage-addons.default\">\n\t\t\t\t<div class=\"elementor-widget-container\">\n\t\t\t\t\t            <a href=\"https:\/\/beauty-store.ma\/\" target=\"_blank\" rel=\"noopener\">\n                <div class=\"ht-scroll-image\">\n                                            <span class=\"htmega-badge\">\n                            Explorer le projet                        <\/span>\n                                        <div class=\"ht-scroll-image-wrapper\">\n                        <div class=\"thumb\" style=\"background-image: url(https:\/\/devoratech.com\/wp-content\/uploads\/2025\/12\/beauty-store.ma-project-scaled.avif);\" >\n                                                <\/div>\n                    <\/div>\n                <\/div>                        \n            <\/a>                    \n        \t\t\t\t<\/div>\n\t\t\t\t<\/div>\n\t\t\t\t<div class=\"elementor-element elementor-element-0938808 elementor-widget__width-initial elementor-widget-mobile__width-inherit elementor-widget elementor-widget-htmega-scrollimage-addons\" data-id=\"0938808\" data-element_type=\"widget\" data-e-type=\"widget\" data-widget_type=\"htmega-scrollimage-addons.default\">\n\t\t\t\t<div class=\"elementor-widget-container\">\n\t\t\t\t\t            <a href=\"https:\/\/medicaltanger.com\/\" target=\"_blank\" rel=\"noopener\">\n                <div class=\"ht-scroll-image\">\n                                            <span class=\"htmega-badge\">\n                            Explorer le projet                        <\/span>\n                                        <div class=\"ht-scroll-image-wrapper\">\n                        <div class=\"thumb\" style=\"background-image: url(https:\/\/devoratech.com\/wp-content\/uploads\/2025\/03\/medicaltanger-Devoratech-scaled.webp);\" >\n                                                <\/div>\n                    <\/div>\n                <\/div>                        \n            <\/a>                    \n        \t\t\t\t<\/div>\n\t\t\t\t<\/div>\n\t\t\t\t<div class=\"elementor-element elementor-element-d8044a4 elementor-widget__width-initial elementor-widget-mobile__width-inherit elementor-widget elementor-widget-htmega-scrollimage-addons\" data-id=\"d8044a4\" data-element_type=\"widget\" data-e-type=\"widget\" data-widget_type=\"htmega-scrollimage-addons.default\">\n\t\t\t\t<div class=\"elementor-widget-container\">\n\t\t\t\t\t            <a href=\"https:\/\/morocco-tours.guide\/\" target=\"_blank\" rel=\"noopener\">\n                <div class=\"ht-scroll-image\">\n                                            <span class=\"htmega-badge\">\n                            Explorer le projet                        <\/span>\n                                        <div class=\"ht-scroll-image-wrapper\">\n                        <div class=\"thumb\" style=\"background-image: url(https:\/\/devoratech.com\/wp-content\/uploads\/2025\/12\/morocco-tours.guide-project.avif);\" >\n                                                <\/div>\n                    <\/div>\n                <\/div>                        \n            <\/a>                    \n        \t\t\t\t<\/div>\n\t\t\t\t<\/div>\n\t\t\t\t<div class=\"elementor-element elementor-element-12ad731 elementor-widget__width-initial elementor-widget-mobile__width-inherit elementor-widget elementor-widget-htmega-scrollimage-addons\" data-id=\"12ad731\" data-element_type=\"widget\" data-e-type=\"widget\" data-widget_type=\"htmega-scrollimage-addons.default\">\n\t\t\t\t<div class=\"elementor-widget-container\">\n\t\t\t\t\t            <a href=\"https:\/\/zushi.ma\/\" target=\"_blank\" rel=\"noopener\">\n                <div class=\"ht-scroll-image\">\n                                            <span class=\"htmega-badge\">\n                            Explorer le projet                        <\/span>\n                                        <div class=\"ht-scroll-image-wrapper\">\n                        <div class=\"thumb\" style=\"background-image: url(https:\/\/devoratech.com\/wp-content\/uploads\/2025\/02\/zushi-ma-Devoratech-portfolio-scaled.webp);\" >\n                                                <\/div>\n                    <\/div>\n                <\/div>                        \n            <\/a>                    \n        \t\t\t\t<\/div>\n\t\t\t\t<\/div>\n\t\t\t\t<div class=\"elementor-element elementor-element-8bf3e67 elementor-widget__width-initial elementor-widget-mobile__width-inherit elementor-widget elementor-widget-htmega-scrollimage-addons\" data-id=\"8bf3e67\" data-element_type=\"widget\" data-e-type=\"widget\" data-widget_type=\"htmega-scrollimage-addons.default\">\n\t\t\t\t<div class=\"elementor-widget-container\">\n\t\t\t\t\t            <a href=\"https:\/\/seo-morocco.ma\/\" target=\"_blank\" rel=\"noopener\">\n                <div class=\"ht-scroll-image\">\n                                            <span class=\"htmega-badge\">\n                            Explorer le projet                        <\/span>\n                                        <div class=\"ht-scroll-image-wrapper\">\n                        <div class=\"thumb\" style=\"background-image: url(https:\/\/devoratech.com\/wp-content\/uploads\/2025\/12\/seo-morocco.ma-project.avif);\" >\n                                                <\/div>\n                    <\/div>\n                <\/div>                        \n            <\/a>                    \n        \t\t\t\t<\/div>\n\t\t\t\t<\/div>\n\t\t\t\t<div class=\"elementor-element elementor-element-f547bf4 elementor-widget__width-initial elementor-widget-mobile__width-inherit elementor-widget elementor-widget-htmega-scrollimage-addons\" data-id=\"f547bf4\" data-element_type=\"widget\" data-e-type=\"widget\" data-widget_type=\"htmega-scrollimage-addons.default\">\n\t\t\t\t<div class=\"elementor-widget-container\">\n\t\t\t\t\t            <a href=\"https:\/\/www.lesbroderiesdeparis.com\/\" target=\"_blank\" rel=\"noopener\">\n                <div class=\"ht-scroll-image\">\n                                            <span class=\"htmega-badge\">\n                            Explorer le projet                        <\/span>\n                                        <div class=\"ht-scroll-image-wrapper\">\n                        <div class=\"thumb\" style=\"background-image: url(https:\/\/devoratech.com\/wp-content\/uploads\/2025\/02\/lesbroderiesdeparis-Devoratech-portfolio.webp);\" >\n                                                <\/div>\n                    <\/div>\n                <\/div>                        \n            <\/a>                    \n        \t\t\t\t<\/div>\n\t\t\t\t<\/div>\n\t\t\t\t<div class=\"elementor-element elementor-element-429fc2a elementor-widget__width-initial elementor-widget-mobile__width-inherit elementor-widget elementor-widget-htmega-scrollimage-addons\" data-id=\"429fc2a\" data-element_type=\"widget\" data-e-type=\"widget\" data-widget_type=\"htmega-scrollimage-addons.default\">\n\t\t\t\t<div class=\"elementor-widget-container\">\n\t\t\t\t\t            <a href=\"https:\/\/www.kettani-immobilier.com\/\" target=\"_blank\" rel=\"noopener\">\n                <div class=\"ht-scroll-image\">\n                                            <span class=\"htmega-badge\">\n                            Explorer le projet                        <\/span>\n                                        <div class=\"ht-scroll-image-wrapper\">\n                        <div class=\"thumb\" style=\"background-image: url(https:\/\/devoratech.com\/wp-content\/uploads\/2025\/02\/kettani-immobilier-Devoratech-portfolio.webp);\" >\n                                                <\/div>\n                    <\/div>\n                <\/div>                        \n            <\/a>                    \n        \t\t\t\t<\/div>\n\t\t\t\t<\/div>\n\t\t\t\t<div class=\"elementor-element elementor-element-fbec7a2 elementor-widget__width-initial elementor-widget-mobile__width-inherit elementor-widget elementor-widget-htmega-scrollimage-addons\" data-id=\"fbec7a2\" data-element_type=\"widget\" data-e-type=\"widget\" data-widget_type=\"htmega-scrollimage-addons.default\">\n\t\t\t\t<div class=\"elementor-widget-container\">\n\t\t\t\t\t            <a href=\"https:\/\/atlasgaming.ma\/\" target=\"_blank\" rel=\"noopener\">\n                <div class=\"ht-scroll-image\">\n                                            <span class=\"htmega-badge\">\n                            Explorer le projet                        <\/span>\n                                        <div class=\"ht-scroll-image-wrapper\">\n                        <div class=\"thumb\" style=\"background-image: url(https:\/\/devoratech.com\/wp-content\/uploads\/2025\/02\/atlasgaming.ma-Devoratech-portfolio-scaled.webp);\" >\n                                                <\/div>\n                    <\/div>\n                <\/div>                        \n            <\/a>                    \n        \t\t\t\t<\/div>\n\t\t\t\t<\/div>\n\t\t\t\t<div class=\"elementor-element elementor-element-0cfe381 elementor-widget__width-initial elementor-widget-mobile__width-inherit elementor-widget elementor-widget-htmega-scrollimage-addons\" data-id=\"0cfe381\" data-element_type=\"widget\" data-e-type=\"widget\" data-widget_type=\"htmega-scrollimage-addons.default\">\n\t\t\t\t<div class=\"elementor-widget-container\">\n\t\t\t\t\t            <a href=\"https:\/\/www.maarifculture.com\/\" target=\"_blank\" rel=\"noopener\">\n                <div class=\"ht-scroll-image\">\n                                            <span class=\"htmega-badge\">\n                            Explorer le projet                        <\/span>\n                                        <div class=\"ht-scroll-image-wrapper\">\n                        <div class=\"thumb\" style=\"background-image: url(https:\/\/devoratech.com\/wp-content\/uploads\/2025\/02\/maarifculture.com-Devoratech-portfolio.webp);\" >\n                                                <\/div>\n                    <\/div>\n                <\/div>                        \n            <\/a>                    \n        \t\t\t\t<\/div>\n\t\t\t\t<\/div>\n\t\t\t\t<div class=\"elementor-element elementor-element-f0ac6a3 elementor-widget__width-initial elementor-widget-mobile__width-inherit elementor-hidden-mobile elementor-widget elementor-widget-htmega-scrollimage-addons\" data-id=\"f0ac6a3\" data-element_type=\"widget\" data-e-type=\"widget\" data-widget_type=\"htmega-scrollimage-addons.default\">\n\t\t\t\t<div class=\"elementor-widget-container\">\n\t\t\t\t\t            <a href=\"https:\/\/finezine.com\/\" target=\"_blank\" rel=\"noopener\">\n                <div class=\"ht-scroll-image\">\n                                            <span class=\"htmega-badge\">\n                            Explorer le projet                        <\/span>\n                                        <div class=\"ht-scroll-image-wrapper\">\n                        <div class=\"thumb\" style=\"background-image: url(https:\/\/devoratech.com\/wp-content\/uploads\/2025\/02\/finezine.com-Devoratech-portfolio-scaled.webp);\" >\n                                                <\/div>\n                    <\/div>\n                <\/div>                        \n            <\/a>                    \n        \t\t\t\t<\/div>\n\t\t\t\t<\/div>\n\t\t\t\t<\/div>\n\t\t<div id=\"e-n-tab-content-1842858502\" role=\"tabpanel\" aria-labelledby=\"e-n-tab-title-1842858502\" data-tab-index=\"2\" style=\"--n-tabs-title-order: 2;\" class=\"elementor-element elementor-element-c8c7be1 e-flex e-con-boxed e-con e-child\" data-id=\"c8c7be1\" data-element_type=\"container\" data-e-type=\"container\">\n\t\t\t\t\t<div class=\"e-con-inner\">\n\t\t\t\t<div class=\"elementor-element elementor-element-fada3d4 elementor-widget__width-initial elementor-widget-mobile__width-inherit elementor-widget elementor-widget-htmega-scrollimage-addons\" data-id=\"fada3d4\" data-element_type=\"widget\" data-e-type=\"widget\" data-widget_type=\"htmega-scrollimage-addons.default\">\n\t\t\t\t<div class=\"elementor-widget-container\">\n\t\t\t\t\t            <a href=\"https:\/\/play.google.com\/store\/apps\/details?id=tn.pharmashop&#038;pli=1\" target=\"_blank\" rel=\"noopener\">\n                <div class=\"ht-scroll-image\">\n                                            <span class=\"htmega-badge\">\n                            Explorer le projet                        <\/span>\n                                        <div class=\"ht-scroll-image-wrapper\">\n                        <div class=\"thumb\" style=\"background-image: url(https:\/\/devoratech.com\/wp-content\/uploads\/2025\/03\/Parapharmacie-Devoratech-app-project-1.webp);\" >\n                                                <\/div>\n                    <\/div>\n                <\/div>                        \n            <\/a>                    \n        \t\t\t\t<\/div>\n\t\t\t\t<\/div>\n\t\t\t\t\t<\/div>\n\t\t\t\t<\/div>\n\t\t\t\t\t<\/div>\n\t\t<\/div>\n\t\t\t\t\t\t<\/div>\n\t\t\t\t<\/div>\n\t\t\t\t\t<\/div>\n\t\t\t\t<\/div>\n\t\t\t\t<\/div>","protected":false},"excerpt":{"rendered":"<p>Websites Mobile Apps Browse the Project Browse the Project Browse the Project Browse the Project Browse the Project Browse the Project Browse the Project Browse the Project Browse the Project Browse the Project Browse the Project Browse the Project Browse the Project Browse the Project Browse the Project Browse the Project Browse the Project Browse&#8230;<\/p>","protected":false},"author":1,"featured_media":0,"parent":0,"menu_order":0,"comment_status":"closed","ping_status":"closed","template":"","meta":{"footnotes":""},"class_list":["post-12632","page","type-page","status-publish","hentry"],"_links":{"self":[{"href":"https:\/\/devoratech.com\/fr\/wp-json\/wp\/v2\/pages\/12632","targetHints":{"allow":["GET"]}}],"collection":[{"href":"https:\/\/devoratech.com\/fr\/wp-json\/wp\/v2\/pages"}],"about":[{"href":"https:\/\/devoratech.com\/fr\/wp-json\/wp\/v2\/types\/page"}],"author":[{"embeddable":true,"href":"https:\/\/devoratech.com\/fr\/wp-json\/wp\/v2\/users\/1"}],"replies":[{"embeddable":true,"href":"https:\/\/devoratech.com\/fr\/wp-json\/wp\/v2\/comments?post=12632"}],"version-history":[{"count":142,"href":"https:\/\/devoratech.com\/fr\/wp-json\/wp\/v2\/pages\/12632\/revisions"}],"predecessor-version":[{"id":15055,"href":"https:\/\/devoratech.com\/fr\/wp-json\/wp\/v2\/pages\/12632\/revisions\/15055"}],"wp:attachment":[{"href":"https:\/\/devoratech.com\/fr\/wp-json\/wp\/v2\/media?parent=12632"}],"curies":[{"name":"wp","href":"https:\/\/api.w.org\/{rel}","templated":true}]}}